{"id":3,"date":"2021-02-17T11:31:38","date_gmt":"2021-02-17T13:31:38","guid":{"rendered":"https:\/\/arboville.com.br\/alvoradas\/?page_id=3"},"modified":"2021-03-26T17:07:50","modified_gmt":"2021-03-26T20:07:50","slug":"politica-de-privacidade","status":"publish","type":"page","link":"https:\/\/arboville.com.br\/alvoradas\/politica-de-privacidade\/","title":{"rendered":"Pol\u00edtica de privacidade"},"content":{"rendered":"<p>O Grupo Terra Sim\u00e3o, preocupando-se com a privacidade e seguran\u00e7a de seus clientes e consumidores interessados (\u201cusu\u00e1rios\u201d), e para garantir a transpar\u00eancia e tranquilidade aos que navegarem nos sites das empresas relacionadas ao grupo, obedecendo a Lei Federal no 13.709\/2018 &#8211; Lei Geral de Prote\u00e7\u00e3o de Dados Pessoais (\u201cLGPD\u201d), elaborou a presente Pol\u00edtica de Privacidade e Prote\u00e7\u00e3o de Dados Pessoais (\u201cPol\u00edtica\u201d).<\/p>\n<h2>1. Seus dados pessoais<\/h2>\n<p>Coletamos seus dados pessoais de duas formas:<\/p>\n<p><strong>1.1. Dados pessoais fornecidos por voc\u00ea<\/strong><\/p>\n<p>Em nosso site, voc\u00ea pode nos fornecer informa\u00e7\u00f5es pessoais como seu nome completo, telefone, e-mail, endere\u00e7o, por meio de cadastro para recebimento de lan\u00e7amentos e not\u00edcias, canal \u201cfale conosco\u201d e preenchimento dos formul\u00e1rios para solicita\u00e7\u00e3o de informa\u00e7\u00f5es sobre os empreendimentos.<\/p>\n<p>Outras informa\u00e7\u00f5es poder\u00e3o ser coletadas por telefone ou e-mail, mediante contato direto de um membro do Grupo Terra Sim\u00e3o ou de uma Imobili\u00e1ria parceira.<\/p>\n<p>O fornecimento dessas informa\u00e7\u00f5es \u00e9 realizado exclusivamente pelo usu\u00e1rio, que opta em informar ou n\u00e3o seus dados atrav\u00e9s das intera\u00e7\u00f5es dispon\u00edveis nos dom\u00ednios acessados.<\/p>\n<p><strong>1.2. Dados pessoais coletados automaticamente<\/strong><\/p>\n<p>Nosso sistema registra informa\u00e7\u00f5es como data e hora de acesso, tipo de navegador, geolocaliza\u00e7\u00e3o, linguagem do navegador e endere\u00e7o de protocolo da internet (IP) em cada acesso.<\/p>\n<p>Ao utilizar nossos servi\u00e7os e navegar pelo nosso site, voc\u00ea concorda que suas informa\u00e7\u00f5es podem ser coletadas automaticamente, na forma descrita nesta Pol\u00edtica.<\/p>\n<p>Nas duas situa\u00e7\u00f5es, o Grupo Terra Sim\u00e3o utilizar\u00e1 apenas os dados necess\u00e1rios para o alcance das finalidades manifestadas nesta Pol\u00edtica e no momento da coleta, quando cab\u00edvel.<\/p>\n<p>Muitos de nossos servi\u00e7os dependem diretamente de alguns dados pessoais informados por voc\u00eas. Assim, caso voc\u00ea opte por n\u00e3o fornecer alguns desses dados, alguns servi\u00e7os poder\u00e3o ser impactados, total ou parcialmente.<\/p>\n<p>O Grupo Terra Sim\u00e3o n\u00e3o coleta dados pessoais sens\u00edveis para o atingimento das finalidades previstas nesta Pol\u00edtica. Na remota hip\u00f3tese de necessidade desses dados, o Grupo Terra Sim\u00e3o solicitar\u00e1 consentimento espec\u00edfico e destacado, observados todos os requisitos da LGPD.<\/p>\n<p><strong>Aten\u00e7\u00e3o:<\/strong> voc\u00ea \u00e9 integralmente respons\u00e1vel pela exatid\u00e3o e atualidade dos seus dados pessoais.<\/p>\n<h2>2. Finalidades do tratamento dos dados pessoais<\/h2>\n<p>O Grupo Terra Sim\u00e3o poder\u00e1 tratar os dados pessoais para as seguintes finalidades: (a) confirmar sua identidade; processar e responder eventuais consultas, pedidos e solicita\u00e7\u00f5es; (b) para fins publicit\u00e1rios, com envio de informa\u00e7\u00f5es sobre os servi\u00e7os, promo\u00e7\u00f5es e lan\u00e7amentos; (c) monitorar e proteger a seguran\u00e7a de nossas informa\u00e7\u00f5es, sistemas e redes; (d) desenvolver novos produtos e servi\u00e7os; (e) realizar pesquisas anal\u00edticas e estat\u00edsticas.<\/p>\n<p>No caso de tratamento para fins publicit\u00e1rios, voc\u00ea poder\u00e1, a qualquer momento, se descadastrar por meio do e-mail <a href=\"mailto:privacidade@terrasimao.com.br\">privacidade@terrasimao.com.br<\/a> ou do telefone (12) 3941-2404.<\/p>\n<p>No caso de contato direto por membro do Grupo Terra Sim\u00e3o ou por Imobili\u00e1ria parceira, caso voc\u00ea n\u00e3o tenha mais interesse em nosso contato, basta solicitar ao operador o seu descadastramento, que ocorrer\u00e1 no em at\u00e9 05 (cinco) dias \u00fateis, impedindo contatos futuros n\u00e3o desejados.<\/p>\n<p>Seus dados pessoais poder\u00e3o ser tratados com fundamento nas seguintes bases legais: (a) consentimento; (b) cumprimento de obriga\u00e7\u00e3o legal\/regulat\u00f3ria; (c) execu\u00e7\u00e3o de contrato ou de procedimentos preliminares; (c) exerc\u00edcio regular de direitos em processo judicial, administrativo ou arbitral; e (d) atendimento aos interesses leg\u00edtimos do Grupo Terra Sim\u00e3o, sem preju\u00edzo dos direitos e liberdades fundamentais do usu\u00e1rio.<\/p>\n<h2>3. Navega\u00e7\u00e3o e cookies<\/h2>\n<p>Ao navegar pelos sites do Grupo Terra Sim\u00e3o ou utilizar qualquer um de seus recursos ou ferramentas, um cookie ser\u00e1 enviado para o seu computador. Um cookie \u00e9 um fragmento de dado que o identifica como um usu\u00e1rio \u00fanico, reconhecendo, acompanhando e armazenando as suas informa\u00e7\u00f5es de navega\u00e7\u00e3o.<\/p>\n<p>Os cookies s\u00e3o utilizados para proporcionar ao usu\u00e1rio conte\u00fado personalizado, assim como para facilitar e agilizar o preenchimento de determinados campos.<\/p>\n<p>A grande maioria dos navegadores pode ser configurada para recusar a recep\u00e7\u00e3o de cookies, conforme manuais dos navegadores. Caso voc\u00ea opte por n\u00e3o receber os cookies, \u00e9 poss\u00edvel que o acesso ao conte\u00fado deste site seja prejudicado, especialmente as personaliza\u00e7\u00f5es e facilidades.<\/p>\n<h2>4. Seguran\u00e7a<\/h2>\n<p>O Grupo Terra Sim\u00e3o emprega sistemas de seguran\u00e7a usualmente adotados pelo mercado para proteger suas informa\u00e7\u00f5es contra acessos desautorizados.<\/p>\n<p>O Grupo Terra Sim\u00e3o, em respeito \u00e0 LGPD, ao Marco Civil da Internet e outras leis aplic\u00e1veis, toma todas as provid\u00eancias razo\u00e1veis para proteger os usu\u00e1rios que acessam os seus sites.<\/p>\n<p>A transmiss\u00e3o de seus dados pessoais \u00e9 realizada em um ambiente seguro, no qual os dados s\u00e3o criptografados. As informa\u00e7\u00f5es s\u00e3o codificadas na origem e decodificadas no destino, dificultando, dessa forma, que as informa\u00e7\u00f5es que trafegam na internet sejam decifradas.<\/p>\n<p>Embora o Grupo Terra Sim\u00e3o empenhe-se ao m\u00e1ximo para garantir a seguran\u00e7a e privacidade aos usu\u00e1rios, o usu\u00e1rio fica ciente de que nenhuma transmiss\u00e3o de informa\u00e7\u00f5es \u00e9 totalmente segura e que a decis\u00e3o pela utiliza\u00e7\u00e3o do cadastro e fornecimento de informa\u00e7\u00f5es \u00e9 exclusiva do usu\u00e1rio. O Grupo Terra Sim\u00e3o n\u00e3o pode garantir integralmente que n\u00e3o ocorra, em nenhuma hip\u00f3tese, acessos n\u00e3o autorizados em raz\u00e3o de falhas t\u00e9cnicas, invas\u00f5es e\/ou v\u00edrus. Na remota hip\u00f3tese de ocorr\u00eancia de acessos indevidos, o Grupo Terra Sim\u00e3o tomar\u00e1 todas as provid\u00eancias para mitiga\u00e7\u00e3o das consequ\u00eancias, incluindo, se for o caso, as medidas de notifica\u00e7\u00e3o ao titular e \u00e0 ANPD, conforme o disposto na LGPD.<\/p>\n<p><strong>Aten\u00e7\u00e3o:<\/strong> Para sua seguran\u00e7a, toda e qualquer transa\u00e7\u00e3o na internet deve ser realizada com cautela e zelo para garantir a seguran\u00e7a de suas informa\u00e7\u00f5es. N\u00e3o compartilhe informa\u00e7\u00f5es como login e senha e outros dados pessoais com terceiros.<\/p>\n<p>Nas nossas plataformas, existe a possibilidade de que voc\u00ea seja conduzido para outros portais, sites e plataformas. A responsabilidade pelo tratamento de dados pessoais nesses outros canais \u00e9 exclusiva de seus mantenedores.<\/p>\n<h2>5. Armazenamento<\/h2>\n<p>Seus dados pessoais e registros ser\u00e3o armazenados, de uma forma que nos permita identific\u00e1-lo, pelo prazo estritamente necess\u00e1rio ao atingimento das finalidades da coleta, informadas nesta Pol\u00edtica.<\/p>\n<p>Expirada a finalidade, os dados ser\u00e3o exclu\u00eddos e\/ou anonimizados, salvo nas seguintes hip\u00f3teses: para fins de auditoria, seguran\u00e7a, controle de fraudes, prote\u00e7\u00e3o ao cr\u00e9dito, preserva\u00e7\u00e3o de direitos e\/ou cumprimento de obriga\u00e7\u00f5es legais\/regulat\u00f3rias.<\/p>\n<h2>6. Com quem compartilhamos<\/h2>\n<p>Ao coletar seus dados pessoais neste site, o Grupo Terra Sim\u00e3o compartilha essas informa\u00e7\u00f5es com a empresa respons\u00e1vel pelo gerenciamento do site e poder\u00e1 compartilhar com a Imobili\u00e1ria parceira para o in\u00edcio do atendimento.<\/p>\n<p>Atualmente, a imobili\u00e1ria parceira \u00e9 a Tropic Realty Ltda.<\/p>\n<p>O uso das informa\u00e7\u00f5es coletadas e\/ou armazenadas exige o processamento de dados que poder\u00e1 ser feito pelo pr\u00f3prio Grupo Terra Sim\u00e3o ou por parceiros contratados para esse fim, no Brasil ou no exterior, que tamb\u00e9m estar\u00e3o sujeitos a esta Pol\u00edtica de Privacidade.<\/p>\n<p>O Grupo Terra Sim\u00e3o constantemente toma as medidas razo\u00e1veis para garantir a conformidade de seus parceiros \u00e0 LGPD.<\/p>\n<p>Ao acessar os sites do grupo e realizar intera\u00e7\u00f5es, voc\u00ea est\u00e1 expressamente concordando com a transfer\u00eancia desses dados aos parceiros respons\u00e1veis pela intermedia\u00e7\u00e3o e divulga\u00e7\u00e3o dos produtos do Grupo Terra Sim\u00e3o.<\/p>\n<p>O Grupo Terra Sim\u00e3o poder\u00e1, ainda, compartilhar seus dados pessoais nas seguintes situa\u00e7\u00f5es:<\/p>\n<ul>\n<li>a) com outros membros do Grupo Terra Sim\u00e3o, para viabiliza\u00e7\u00e3o de suas atividades;<\/li>\n<li>b) com a intermediadora da venda, a seguradora, a securitizadora e eventuais outros prestadores de servi\u00e7os relacionados \u00e0 formaliza\u00e7\u00e3o e execu\u00e7\u00e3o de contratos celebrados entre o usu\u00e1rio e as empresas do Grupo Terra Sim\u00e3o;<\/li>\n<li>c) com fornecedores, quando imprescind\u00edvel para a execu\u00e7\u00e3o dos servi\u00e7os;<\/li>\n<li>d) com empresas de contabilidade, auditoria, assessoria jur\u00eddica e outros prestadores de servi\u00e7o que atuem no apoio ao desenvolvimento de suas atividades empresariais;<\/li>\n<li>e) com institui\u00e7\u00f5es financeiras, para prote\u00e7\u00e3o ao cr\u00e9dito;<\/li>\n<li>f) com autoridade judiciais, administrativas e governamentais competentes, para o cumprimento de obriga\u00e7\u00f5es judiciais, legais e\/ou regulat\u00f3rias;<\/li>\n<li>g) em caso de transa\u00e7\u00f5es e altera\u00e7\u00f5es societ\u00e1rias, tais como fus\u00e3o, aquisi\u00e7\u00e3o e incorpora\u00e7\u00e3o;h) quando necess\u00e1rio para assegurar o exerc\u00edcio regular dos direitos dos membros do Grupo Terra Sim\u00e3o;<\/li>\n<li>i) Em quaisquer outras situa\u00e7\u00f5es, se assim for determinado por lei ou decis\u00e3o judicial e\/ou de autoridade administrativa.<\/li>\n<\/ul>\n<p>O Grupo Terra Sim\u00e3o se compromete a compartilhar as informa\u00e7\u00f5es limitando-se ao m\u00ednimo necess\u00e1rio para atingir as finalidades indicadas.<\/p>\n<p>Relat\u00f3rios estat\u00edsticos sobre o acesso, utiliza\u00e7\u00e3o do site e tend\u00eancias de mercado, que n\u00e3o revelem a identidade dos usu\u00e1rios, poder\u00e3o ser compartilhados com subcontratados ou parceiros comerciais do Grupo Terra Sim\u00e3o.<\/p>\n<p>N\u00e3o compartilhamos seus dados pessoais com terceiros interessados em vender servi\u00e7os\/produtos n\u00e3o fornecidos pelo Grupo Terra Sim\u00e3o e n\u00e3o autorizamos terceiros a compartilhar seus dados com essa finalidade.<\/p>\n<h2>Fale conosco<\/h2>\n<p>Se precisar de maiores esclarecimentos ou em caso de quaisquer d\u00favidas sobre a Pol\u00edtica de Privacidade e Prote\u00e7\u00e3o de Dados Pessoais, o Grupo Terra Sim\u00e3o est\u00e1 dispon\u00edvel para atend\u00ea-lo, por meio do e-mail<br \/><a href=\"mailto:privacidade@terrasimao.com.br\">privacidade@terrasimao.com.br<\/a>.<\/p>\n","protected":false},"excerpt":{"rendered":"<p>O Grupo Terra Sim\u00e3o, preocupando-se com a privacidade e seguran\u00e7a de seus clientes e consumidores interessados (\u201cusu\u00e1rios\u201d), e para garantir a transpar\u00eancia e tranquilidade aos que navegarem nos sites das empresas relacionadas ao grupo, obedecendo a Lei Federal no 13.709\/2018 &#8211; Lei Geral de Prote\u00e7\u00e3o de Dados Pessoais (\u201cLGPD\u201d), elaborou a presente Pol\u00edtica de Privacidade [&hellip;]<\/p>\n","protected":false},"author":1,"featured_media":0,"parent":0,"menu_order":0,"comment_status":"closed","ping_status":"open","template":"","meta":{"footnotes":""},"class_list":["post-3","page","type-page","status-publish","hentry"],"yoast_head":"<!-- This site is optimized with the Yoast SEO plugin v20.3 - https:\/\/yoast.com\/wordpress\/plugins\/seo\/ -->\n<title>Pol\u00edtica de privacidade - Condom\u00ednio Alvoradas<\/title>\n<meta name=\"robots\" content=\"index, follow, max-snippet:-1, max-image-preview:large, max-video-preview:-1\" \/>\n<link rel=\"canonical\" href=\"https:\/\/arboville.com.br\/alvoradas\/politica-de-privacidade\/\" \/>\n<meta property=\"og:locale\" content=\"pt_BR\" \/>\n<meta property=\"og:type\" content=\"article\" \/>\n<meta property=\"og:title\" content=\"Pol\u00edtica de privacidade - Condom\u00ednio Alvoradas\" \/>\n<meta property=\"og:description\" content=\"O Grupo Terra Sim\u00e3o, preocupando-se com a privacidade e seguran\u00e7a de seus clientes e consumidores interessados (\u201cusu\u00e1rios\u201d), e para garantir a transpar\u00eancia e tranquilidade aos que navegarem nos sites das empresas relacionadas ao grupo, obedecendo a Lei Federal no 13.709\/2018 &#8211; Lei Geral de Prote\u00e7\u00e3o de Dados Pessoais (\u201cLGPD\u201d), elaborou a presente Pol\u00edtica de Privacidade [&hellip;]\" \/>\n<meta property=\"og:url\" content=\"https:\/\/arboville.com.br\/alvoradas\/politica-de-privacidade\/\" \/>\n<meta property=\"og:site_name\" content=\"Condom\u00ednio Alvoradas\" \/>\n<meta property=\"article:modified_time\" content=\"2021-03-26T20:07:50+00:00\" \/>\n<meta name=\"twitter:card\" content=\"summary_large_image\" \/>\n<meta name=\"twitter:label1\" content=\"Est. reading time\" \/>\n\t<meta name=\"twitter:data1\" content=\"7 minutos\" \/>\n<script type=\"application\/ld+json\" class=\"yoast-schema-graph\">{\"@context\":\"https:\/\/schema.org\",\"@graph\":[{\"@type\":\"WebPage\",\"@id\":\"https:\/\/arboville.com.br\/alvoradas\/politica-de-privacidade\/\",\"url\":\"https:\/\/arboville.com.br\/alvoradas\/politica-de-privacidade\/\",\"name\":\"Pol\u00edtica de privacidade - Condom\u00ednio Alvoradas\",\"isPartOf\":{\"@id\":\"https:\/\/arboville.com.br\/alvoradas\/#website\"},\"datePublished\":\"2021-02-17T13:31:38+00:00\",\"dateModified\":\"2021-03-26T20:07:50+00:00\",\"breadcrumb\":{\"@id\":\"https:\/\/arboville.com.br\/alvoradas\/politica-de-privacidade\/#breadcrumb\"},\"inLanguage\":\"pt-BR\",\"potentialAction\":[{\"@type\":\"ReadAction\",\"target\":[\"https:\/\/arboville.com.br\/alvoradas\/politica-de-privacidade\/\"]}]},{\"@type\":\"BreadcrumbList\",\"@id\":\"https:\/\/arboville.com.br\/alvoradas\/politica-de-privacidade\/#breadcrumb\",\"itemListElement\":[{\"@type\":\"ListItem\",\"position\":1,\"name\":\"Home\",\"item\":\"https:\/\/arboville.com.br\/alvoradas\/\"},{\"@type\":\"ListItem\",\"position\":2,\"name\":\"Pol\u00edtica de privacidade\"}]},{\"@type\":\"WebSite\",\"@id\":\"https:\/\/arboville.com.br\/alvoradas\/#website\",\"url\":\"https:\/\/arboville.com.br\/alvoradas\/\",\"name\":\"Condom\u00ednio Alvoradas\",\"description\":\"\",\"potentialAction\":[{\"@type\":\"SearchAction\",\"target\":{\"@type\":\"EntryPoint\",\"urlTemplate\":\"https:\/\/arboville.com.br\/alvoradas\/?s={search_term_string}\"},\"query-input\":\"required name=search_term_string\"}],\"inLanguage\":\"pt-BR\"}]}<\/script>\n<!-- \/ Yoast SEO plugin. -->","yoast_head_json":{"title":"Pol\u00edtica de privacidade - Condom\u00ednio Alvoradas","robots":{"index":"index","follow":"follow","max-snippet":"max-snippet:-1","max-image-preview":"max-image-preview:large","max-video-preview":"max-video-preview:-1"},"canonical":"https:\/\/arboville.com.br\/alvoradas\/politica-de-privacidade\/","og_locale":"pt_BR","og_type":"article","og_title":"Pol\u00edtica de privacidade - Condom\u00ednio Alvoradas","og_description":"O Grupo Terra Sim\u00e3o, preocupando-se com a privacidade e seguran\u00e7a de seus clientes e consumidores interessados (\u201cusu\u00e1rios\u201d), e para garantir a transpar\u00eancia e tranquilidade aos que navegarem nos sites das empresas relacionadas ao grupo, obedecendo a Lei Federal no 13.709\/2018 &#8211; Lei Geral de Prote\u00e7\u00e3o de Dados Pessoais (\u201cLGPD\u201d), elaborou a presente Pol\u00edtica de Privacidade [&hellip;]","og_url":"https:\/\/arboville.com.br\/alvoradas\/politica-de-privacidade\/","og_site_name":"Condom\u00ednio Alvoradas","article_modified_time":"2021-03-26T20:07:50+00:00","twitter_card":"summary_large_image","twitter_misc":{"Est. reading time":"7 minutos"},"schema":{"@context":"https:\/\/schema.org","@graph":[{"@type":"WebPage","@id":"https:\/\/arboville.com.br\/alvoradas\/politica-de-privacidade\/","url":"https:\/\/arboville.com.br\/alvoradas\/politica-de-privacidade\/","name":"Pol\u00edtica de privacidade - Condom\u00ednio Alvoradas","isPartOf":{"@id":"https:\/\/arboville.com.br\/alvoradas\/#website"},"datePublished":"2021-02-17T13:31:38+00:00","dateModified":"2021-03-26T20:07:50+00:00","breadcrumb":{"@id":"https:\/\/arboville.com.br\/alvoradas\/politica-de-privacidade\/#breadcrumb"},"inLanguage":"pt-BR","potentialAction":[{"@type":"ReadAction","target":["https:\/\/arboville.com.br\/alvoradas\/politica-de-privacidade\/"]}]},{"@type":"BreadcrumbList","@id":"https:\/\/arboville.com.br\/alvoradas\/politica-de-privacidade\/#breadcrumb","itemListElement":[{"@type":"ListItem","position":1,"name":"Home","item":"https:\/\/arboville.com.br\/alvoradas\/"},{"@type":"ListItem","position":2,"name":"Pol\u00edtica de privacidade"}]},{"@type":"WebSite","@id":"https:\/\/arboville.com.br\/alvoradas\/#website","url":"https:\/\/arboville.com.br\/alvoradas\/","name":"Condom\u00ednio Alvoradas","description":"","potentialAction":[{"@type":"SearchAction","target":{"@type":"EntryPoint","urlTemplate":"https:\/\/arboville.com.br\/alvoradas\/?s={search_term_string}"},"query-input":"required name=search_term_string"}],"inLanguage":"pt-BR"}]}},"_links":{"self":[{"href":"https:\/\/arboville.com.br\/alvoradas\/wp-json\/wp\/v2\/pages\/3","targetHints":{"allow":["GET"]}}],"collection":[{"href":"https:\/\/arboville.com.br\/alvoradas\/wp-json\/wp\/v2\/pages"}],"about":[{"href":"https:\/\/arboville.com.br\/alvoradas\/wp-json\/wp\/v2\/types\/page"}],"author":[{"embeddable":true,"href":"https:\/\/arboville.com.br\/alvoradas\/wp-json\/wp\/v2\/users\/1"}],"replies":[{"embeddable":true,"href":"https:\/\/arboville.com.br\/alvoradas\/wp-json\/wp\/v2\/comments?post=3"}],"version-history":[{"count":2,"href":"https:\/\/arboville.com.br\/alvoradas\/wp-json\/wp\/v2\/pages\/3\/revisions"}],"predecessor-version":[{"id":485,"href":"https:\/\/arboville.com.br\/alvoradas\/wp-json\/wp\/v2\/pages\/3\/revisions\/485"}],"wp:attachment":[{"href":"https:\/\/arboville.com.br\/alvoradas\/wp-json\/wp\/v2\/media?parent=3"}],"curies":[{"name":"wp","href":"https:\/\/api.w.org\/{rel}","templated":true}]}}